{"id":299,"date":"2025-04-23T17:09:48","date_gmt":"2025-04-23T17:09:48","guid":{"rendered":"http:\/\/localhost\/moneybag\/?page_id=299"},"modified":"2025-05-17T12:00:59","modified_gmt":"2025-05-17T05:00:59","slug":"bottom","status":"publish","type":"page","link":"https:\/\/moneybagstore.com\/vi\/shop\/bottom\/","title":{"rendered":"Qu\u1ea7n"},"content":{"rendered":"<div data-elementor-type=\"wp-page\" data-elementor-id=\"299\" class=\"elementor elementor-299\" data-elementor-post-type=\"page\">\n\t\t\t\t<div class=\"elementor-element elementor-element-de4ef19 e-con-full e-flex elementor-invisible e-con e-parent\" data-id=\"de4ef19\" data-element_type=\"container\" data-settings=\"{&quot;animation&quot;:&quot;fadeInDown&quot;}\">\n\t\t\t\t<div class=\"elementor-element elementor-element-16e83ef elementor-hidden-mobile elementor-pagination-position-inside elementor-arrows-position-inside elementor-widget elementor-widget-image-carousel\" data-id=\"16e83ef\" data-element_type=\"widget\" data-settings=\"{&quot;slides_to_show&quot;:&quot;1&quot;,&quot;lazyload&quot;:&quot;yes&quot;,&quot;autoplay_speed&quot;:2000,&quot;navigation&quot;:&quot;both&quot;,&quot;autoplay&quot;:&quot;yes&quot;,&quot;pause_on_hover&quot;:&quot;yes&quot;,&quot;pause_on_interaction&quot;:&quot;yes&quot;,&quot;infinite&quot;:&quot;yes&quot;,&quot;effect&quot;:&quot;slide&quot;,&quot;speed&quot;:500}\" data-widget_type=\"image-carousel.default\">\n\t\t\t\t<div class=\"elementor-widget-container\">\n\t\t\t\t\t\t\t<div class=\"elementor-image-carousel-wrapper swiper\" role=\"region\" aria-roledescription=\"carousel\" aria-label=\"Image Carousel\" dir=\"ltr\">\n\t\t\t<div class=\"elementor-image-carousel swiper-wrapper swiper-image-stretch\" aria-live=\"off\">\n\t\t\t\t\t\t\t\t<div class=\"swiper-slide\" role=\"group\" aria-roledescription=\"slide\" aria-label=\"1 tr\u00ean 3\"><figure class=\"swiper-slide-inner\"><img class=\"swiper-slide-image swiper-lazy\" data-src=\"https:\/\/moneybagstore.com\/wp-content\/uploads\/2025\/04\/A\u0309nh-bi\u0300a-mo\u031b\u0301i-tha\u0301ng-3.webp\" alt=\"A\u0309nh bi\u0300a mo\u031b\u0301i tha\u0301ng 3\" \/><div class=\"swiper-lazy-preloader\"><\/div><\/figure><\/div><div class=\"swiper-slide\" role=\"group\" aria-roledescription=\"slide\" aria-label=\"2 tr\u00ean 3\"><figure class=\"swiper-slide-inner\"><img class=\"swiper-slide-image swiper-lazy\" data-src=\"https:\/\/moneybagstore.com\/wp-content\/uploads\/2025\/04\/banner-tet.webp\" alt=\"banner-tet\" \/><div class=\"swiper-lazy-preloader\"><\/div><\/figure><\/div><div class=\"swiper-slide\" role=\"group\" aria-roledescription=\"slide\" aria-label=\"3 tr\u00ean 3\"><figure class=\"swiper-slide-inner\"><img class=\"swiper-slide-image swiper-lazy\" data-src=\"https:\/\/moneybagstore.com\/wp-content\/uploads\/2025\/09\/quoc-khanh.png\" alt=\"quoc-khanh\" \/><div class=\"swiper-lazy-preloader\"><\/div><\/figure><\/div>\t\t\t<\/div>\n\t\t\t\t\t\t\t\t\t\t\t\t<div class=\"elementor-swiper-button elementor-swiper-button-prev\" role=\"button\" tabindex=\"0\">\n\t\t\t\t\t\t<svg aria-hidden=\"true\" class=\"e-font-icon-svg e-eicon-chevron-left\" viewbox=\"0 0 1000 1000\" xmlns=\"http:\/\/www.w3.org\/2000\/svg\"><path d=\"M646 125C629 125 613 133 604 142L308 442C296 454 292 471 292 487 292 504 296 521 308 533L604 854C617 867 629 875 646 875 663 875 679 871 692 858 704 846 713 829 713 812 713 796 708 779 692 767L438 487 692 225C700 217 708 204 708 187 708 171 704 154 692 142 675 129 663 125 646 125Z\"><\/path><\/svg>\t\t\t\t\t<\/div>\n\t\t\t\t\t<div class=\"elementor-swiper-button elementor-swiper-button-next\" role=\"button\" tabindex=\"0\">\n\t\t\t\t\t\t<svg aria-hidden=\"true\" class=\"e-font-icon-svg e-eicon-chevron-right\" viewbox=\"0 0 1000 1000\" xmlns=\"http:\/\/www.w3.org\/2000\/svg\"><path d=\"M696 533C708 521 713 504 713 487 713 471 708 454 696 446L400 146C388 133 375 125 354 125 338 125 325 129 313 142 300 154 292 171 292 187 292 204 296 221 308 233L563 492 304 771C292 783 288 800 288 817 288 833 296 850 308 863 321 871 338 875 354 875 371 875 388 867 400 854L696 533Z\"><\/path><\/svg>\t\t\t\t\t<\/div>\n\t\t\t\t\n\t\t\t\t\t\t\t\t\t<div class=\"swiper-pagination\"><\/div>\n\t\t\t\t\t\t\t\t\t<\/div>\n\t\t\t\t\t\t<\/div>\n\t\t\t\t<\/div>\n\t\t\t\t<div class=\"elementor-element elementor-element-0bdb938 elementor-hidden-desktop elementor-hidden-tablet elementor-pagination-position-inside elementor-arrows-position-inside elementor-widget elementor-widget-image-carousel\" data-id=\"0bdb938\" data-element_type=\"widget\" data-settings=\"{&quot;slides_to_show_mobile&quot;:&quot;1&quot;,&quot;navigation&quot;:&quot;both&quot;,&quot;autoplay&quot;:&quot;yes&quot;,&quot;pause_on_hover&quot;:&quot;yes&quot;,&quot;pause_on_interaction&quot;:&quot;yes&quot;,&quot;autoplay_speed&quot;:5000,&quot;infinite&quot;:&quot;yes&quot;,&quot;speed&quot;:500}\" data-widget_type=\"image-carousel.default\">\n\t\t\t\t<div class=\"elementor-widget-container\">\n\t\t\t\t\t\t\t<div class=\"elementor-image-carousel-wrapper swiper\" role=\"region\" aria-roledescription=\"carousel\" aria-label=\"Image Carousel\" dir=\"ltr\">\n\t\t\t<div class=\"elementor-image-carousel swiper-wrapper\" aria-live=\"off\">\n\t\t\t\t\t\t\t\t<div class=\"swiper-slide\" role=\"group\" aria-roledescription=\"slide\" aria-label=\"1 tr\u00ean 3\"><figure class=\"swiper-slide-inner\"><img decoding=\"async\" class=\"swiper-slide-image\" src=\"https:\/\/moneybagstore.com\/wp-content\/uploads\/2025\/04\/model5.webp\" alt=\"model5\" \/><\/figure><\/div><div class=\"swiper-slide\" role=\"group\" aria-roledescription=\"slide\" aria-label=\"2 tr\u00ean 3\"><figure class=\"swiper-slide-inner\"><img decoding=\"async\" class=\"swiper-slide-image\" src=\"https:\/\/moneybagstore.com\/wp-content\/uploads\/2025\/04\/banner4.webp\" alt=\"banner4\" \/><\/figure><\/div><div class=\"swiper-slide\" role=\"group\" aria-roledescription=\"slide\" aria-label=\"3 tr\u00ean 3\"><figure class=\"swiper-slide-inner\"><img decoding=\"async\" class=\"swiper-slide-image\" src=\"https:\/\/moneybagstore.com\/wp-content\/uploads\/2025\/04\/bottom1.webp\" alt=\"bottom1\" \/><\/figure><\/div>\t\t\t<\/div>\n\t\t\t\t\t\t\t\t\t\t\t\t<div class=\"elementor-swiper-button elementor-swiper-button-prev\" role=\"button\" tabindex=\"0\">\n\t\t\t\t\t\t<svg aria-hidden=\"true\" class=\"e-font-icon-svg e-eicon-chevron-left\" viewbox=\"0 0 1000 1000\" xmlns=\"http:\/\/www.w3.org\/2000\/svg\"><path d=\"M646 125C629 125 613 133 604 142L308 442C296 454 292 471 292 487 292 504 296 521 308 533L604 854C617 867 629 875 646 875 663 875 679 871 692 858 704 846 713 829 713 812 713 796 708 779 692 767L438 487 692 225C700 217 708 204 708 187 708 171 704 154 692 142 675 129 663 125 646 125Z\"><\/path><\/svg>\t\t\t\t\t<\/div>\n\t\t\t\t\t<div class=\"elementor-swiper-button elementor-swiper-button-next\" role=\"button\" tabindex=\"0\">\n\t\t\t\t\t\t<svg aria-hidden=\"true\" class=\"e-font-icon-svg e-eicon-chevron-right\" viewbox=\"0 0 1000 1000\" xmlns=\"http:\/\/www.w3.org\/2000\/svg\"><path d=\"M696 533C708 521 713 504 713 487 713 471 708 454 696 446L400 146C388 133 375 125 354 125 338 125 325 129 313 142 300 154 292 171 292 187 292 204 296 221 308 233L563 492 304 771C292 783 288 800 288 817 288 833 296 850 308 863 321 871 338 875 354 875 371 875 388 867 400 854L696 533Z\"><\/path><\/svg>\t\t\t\t\t<\/div>\n\t\t\t\t\n\t\t\t\t\t\t\t\t\t<div class=\"swiper-pagination\"><\/div>\n\t\t\t\t\t\t\t\t\t<\/div>\n\t\t\t\t\t\t<\/div>\n\t\t\t\t<\/div>\n\t\t\t\t<\/div>\n\t\t<div class=\"elementor-element elementor-element-4dceac6 e-flex e-con-boxed elementor-invisible e-con e-child\" data-id=\"4dceac6\" data-element_type=\"container\" data-settings=\"{&quot;animation&quot;:&quot;fadeInUp&quot;}\">\n\t\t\t\t\t<div class=\"e-con-inner\">\n\t\t\t\t<div class=\"elementor-element elementor-element-7f80d1f elementor-widget elementor-widget-shortcode\" data-id=\"7f80d1f\" data-element_type=\"widget\" data-widget_type=\"shortcode.default\">\n\t\t\t\t<div class=\"elementor-widget-container\">\n\t\t\t\t\t\t\t<div class=\"elementor-shortcode\">\t<h1 class=\"shop-header\" style=\"text-align: center;\">QU\u1ea6N<\/h1>\n    <section id=\"shop-filter\">\n        <div id=\"filter-bar\">\n            <div id=\"button-filter\">\n                <button id=\"price-filter\">L\u1eccC \u25bc<\/button>\n                <div id=\"price-filter-bar\">\n                    <p data-sort=\"a-z\" id=\"sort-a-z\">A-Z<\/p>\n                    <p data-sort=\"z-a\" id=\"sort-z-a\">Z-A<\/p>\n                    <p data-sort=\"price-asc\" id=\"sort-price-ascending\">Price &#9650<\/p>\n                    <p data-sort=\"price-desc\" id=\"sort-price-descending\">Price &#9660<\/p>\n                <\/div>\n\n                <button id=\"type-filter\">LO\u1ea0I \u25bc<\/button>\n                <div id=\"type-filter-bar\">\n                    <a href=\"https:\/\/moneybagstore.com\/vi\/shop\/\" id=\"all\">C\u1eeda h\u00e0ng<\/a>\n                    <a href=\"https:\/\/moneybagstore.com\/vi\/best-seller\/\" id=\"best-seller\">Best<\/a>\n                    <a href=\"https:\/\/moneybagstore.com\/vi\/new-season\/\" id=\"new-season\">New<\/a>\n                    <a href=\"https:\/\/moneybagstore.com\/vi\/top\/\" id=\"top-filter\">\u00c1o<\/a>\n                    <a href=\"https:\/\/moneybagstore.com\/vi\/bottom\/\" id=\"bottom-filter\">Qu\u1ea7n<\/a>\n                    <a href=\"https:\/\/moneybagstore.com\/vi\/accessories\/\" id=\"accessories-filter\">Ph\u1ee5 ki\u1ec7n<\/a>\n                <\/div>\n            <\/div>\n\n            <div id=\"search-filter\">\n                <form class=\"search-shop\" method=\"get\" action=\"https:\/\/moneybagstore.com\/vi\/search\/\" data-trp-original-action=\"https:\/\/moneybagstore.com\/search\">\n                    <input type=\"text\" name=\"search\" placeholder=\"Search products...\" value=\"\">\n                    <button type=\"submit\">\n                        <img decoding=\"async\" src=\"https:\/\/moneybagstore.com\/wp-content\/themes\/money-bag-theme\/assets\/searchbutton.png\" alt=\"search\">\n                    <\/button>\n                <input type=\"hidden\" name=\"trp-form-language\" value=\"vi\"\/><\/form>\n            <\/div>\n        <\/div>\n    <\/section>\n    <section id=\"product-display\">\n        <div id=\"display-all\">\n            \n                                <div class=\"product-item\" data-name=\"qu\u1ea7n short mb signature premium\" \n                    data-price=\"269\">\n\t\t\t\t\t\t\t\t\t\t\t\t\n                        <a href=\"https:\/\/moneybagstore.com\/vi\/san-pham\/short-mb-signature-premium\/\">\n                            <img decoding=\"async\" class=\"hoverable-img\"\n                                src=\"https:\/\/moneybagstore.com\/wp-content\/uploads\/2025\/05\/shortPre1.webp\"\n                                data-src-hover=\"https:\/\/moneybagstore.com\/wp-content\/uploads\/2025\/05\/shortPre6-1.webp\"\n                                data-src-default=\"https:\/\/moneybagstore.com\/wp-content\/uploads\/2025\/05\/shortPre1.webp\"\n                                alt=\"Qu\u1ea7n Short MB Signature Premium\">\n                            <h3>Qu\u1ea7n Short MB Signature Premium<\/h3>\n                        <p class=\"price\">\n                            <span class=\"woocommerce-Price-amount amount\"><bdi>330.000&nbsp;<span class=\"woocommerce-Price-currencySymbol\">&#8363;<\/span><\/bdi><\/span>                        <\/p>\n                        <\/a>\n                    <\/div>\n                                        <div class=\"product-item\" data-name=\"qu\u1ea7n short signature bling\" \n                    data-price=\"400\">\n\t\t\t\t\t\t\t\t\t\t\t\t\n                        <a href=\"https:\/\/moneybagstore.com\/vi\/san-pham\/short-signature-bling\/\">\n                            <img decoding=\"async\" class=\"hoverable-img\"\n                                src=\"https:\/\/moneybagstore.com\/wp-content\/uploads\/2025\/04\/shortBling1.webp\"\n                                data-src-hover=\"https:\/\/moneybagstore.com\/wp-content\/uploads\/2025\/04\/shortBling8.webp\"\n                                data-src-default=\"https:\/\/moneybagstore.com\/wp-content\/uploads\/2025\/04\/shortBling1.webp\"\n                                alt=\"Qu\u1ea7n short Signature Bling\">\n                            <h3>Qu\u1ea7n short Signature Bling<\/h3>\n                        <p class=\"price\">\n                            <span class=\"woocommerce-Price-amount amount\"><bdi>450.000&nbsp;<span class=\"woocommerce-Price-currencySymbol\">&#8363;<\/span><\/bdi><\/span>                        <\/p>\n                        <\/a>\n                    <\/div>\n                            <\/div>\n    <\/section>\n    \n<\/div>\n\t\t\t\t\t\t<\/div>\n\t\t\t\t<\/div>\n\t\t\t\t\t<\/div>\n\t\t\t\t<\/div>\n\t\t<div class=\"elementor-element elementor-element-fed2487 e-flex e-con-boxed e-con e-parent\" data-id=\"fed2487\" data-element_type=\"container\">\n\t\t\t\t\t<div class=\"e-con-inner\">\n\t\t\t\t<div class=\"elementor-element elementor-element-da13221 brand-title elementor-widget elementor-widget-heading\" data-id=\"da13221\" data-element_type=\"widget\" data-widget_type=\"heading.default\">\n\t\t\t\t<div class=\"elementor-widget-container\">\n\t\t\t\t\t<h1 class=\"elementor-heading-title elementor-size-default\">Th\u01b0\u01a1ng Hi\u1ec7u<\/h1>\t\t\t\t<\/div>\n\t\t\t\t<\/div>\n\t\t\t\t<div class=\"elementor-element elementor-element-b0bc732 elementor-widget elementor-widget-shortcode\" data-id=\"b0bc732\" data-element_type=\"widget\" data-widget_type=\"shortcode.default\">\n\t\t\t\t<div class=\"elementor-widget-container\">\n\t\t\t\t\t\t\t<div class=\"elementor-shortcode\"><div class=\"logos\"><div class=\"logos-slide\"><img decoding=\"async\" src=\"https:\/\/moneybagstore.com\/wp-content\/uploads\/2025\/04\/ChatGPT-Image-May-1-2025-01_28_54-AM.webp\" alt=\"\"><img decoding=\"async\" src=\"https:\/\/moneybagstore.com\/wp-content\/uploads\/2025\/05\/logo_gold_moneybag_vibe.png\" alt=\"\"><img decoding=\"async\" src=\"https:\/\/moneybagstore.com\/wp-content\/uploads\/2025\/04\/logoEmail.webp\" alt=\"\"><img decoding=\"async\" src=\"https:\/\/moneybagstore.com\/wp-content\/uploads\/2025\/04\/ChatGPT-Image-May-1-2025-01_30_38-AM.webp\" alt=\"\"><img decoding=\"async\" src=\"https:\/\/moneybagstore.com\/wp-content\/uploads\/2025\/04\/band2.webp\" alt=\"\"><img decoding=\"async\" src=\"https:\/\/moneybagstore.com\/wp-content\/uploads\/2025\/04\/ChatGPT-Image-May-1-2025-01_28_54-AM.webp\" alt=\"\"><img decoding=\"async\" src=\"https:\/\/moneybagstore.com\/wp-content\/uploads\/2025\/05\/logo_gold_moneybag_vibe.png\" alt=\"\"><img decoding=\"async\" src=\"https:\/\/moneybagstore.com\/wp-content\/uploads\/2025\/04\/logoEmail.webp\" alt=\"\"><img decoding=\"async\" src=\"https:\/\/moneybagstore.com\/wp-content\/uploads\/2025\/04\/ChatGPT-Image-May-1-2025-01_30_38-AM.webp\" alt=\"\"><img decoding=\"async\" src=\"https:\/\/moneybagstore.com\/wp-content\/uploads\/2025\/04\/band2.webp\" alt=\"\"><img decoding=\"async\" src=\"https:\/\/moneybagstore.com\/wp-content\/uploads\/2025\/04\/ChatGPT-Image-May-1-2025-01_28_54-AM.webp\" alt=\"\"><img decoding=\"async\" src=\"https:\/\/moneybagstore.com\/wp-content\/uploads\/2025\/05\/logo_gold_moneybag_vibe.png\" alt=\"\"><img decoding=\"async\" src=\"https:\/\/moneybagstore.com\/wp-content\/uploads\/2025\/04\/logoEmail.webp\" alt=\"\"><img decoding=\"async\" src=\"https:\/\/moneybagstore.com\/wp-content\/uploads\/2025\/04\/ChatGPT-Image-May-1-2025-01_30_38-AM.webp\" alt=\"\"><img decoding=\"async\" src=\"https:\/\/moneybagstore.com\/wp-content\/uploads\/2025\/04\/band2.webp\" alt=\"\"><img decoding=\"async\" src=\"https:\/\/moneybagstore.com\/wp-content\/uploads\/2025\/04\/ChatGPT-Image-May-1-2025-01_28_54-AM.webp\" alt=\"\"><img decoding=\"async\" src=\"https:\/\/moneybagstore.com\/wp-content\/uploads\/2025\/05\/logo_gold_moneybag_vibe.png\" alt=\"\"><img decoding=\"async\" src=\"https:\/\/moneybagstore.com\/wp-content\/uploads\/2025\/04\/logoEmail.webp\" alt=\"\"><img decoding=\"async\" src=\"https:\/\/moneybagstore.com\/wp-content\/uploads\/2025\/04\/ChatGPT-Image-May-1-2025-01_30_38-AM.webp\" alt=\"\"><img decoding=\"async\" src=\"https:\/\/moneybagstore.com\/wp-content\/uploads\/2025\/04\/band2.webp\" alt=\"\"><img decoding=\"async\" src=\"https:\/\/moneybagstore.com\/wp-content\/uploads\/2025\/04\/ChatGPT-Image-May-1-2025-01_28_54-AM.webp\" alt=\"\"><img decoding=\"async\" src=\"https:\/\/moneybagstore.com\/wp-content\/uploads\/2025\/05\/logo_gold_moneybag_vibe.png\" alt=\"\"><img decoding=\"async\" src=\"https:\/\/moneybagstore.com\/wp-content\/uploads\/2025\/04\/logoEmail.webp\" alt=\"\"><img decoding=\"async\" src=\"https:\/\/moneybagstore.com\/wp-content\/uploads\/2025\/04\/ChatGPT-Image-May-1-2025-01_30_38-AM.webp\" alt=\"\"><img decoding=\"async\" src=\"https:\/\/moneybagstore.com\/wp-content\/uploads\/2025\/04\/band2.webp\" alt=\"\"><img decoding=\"async\" src=\"https:\/\/moneybagstore.com\/wp-content\/uploads\/2025\/04\/ChatGPT-Image-May-1-2025-01_28_54-AM.webp\" alt=\"\"><img decoding=\"async\" src=\"https:\/\/moneybagstore.com\/wp-content\/uploads\/2025\/05\/logo_gold_moneybag_vibe.png\" alt=\"\"><img decoding=\"async\" src=\"https:\/\/moneybagstore.com\/wp-content\/uploads\/2025\/04\/logoEmail.webp\" alt=\"\"><img decoding=\"async\" src=\"https:\/\/moneybagstore.com\/wp-content\/uploads\/2025\/04\/ChatGPT-Image-May-1-2025-01_30_38-AM.webp\" alt=\"\"><img decoding=\"async\" src=\"https:\/\/moneybagstore.com\/wp-content\/uploads\/2025\/04\/band2.webp\" alt=\"\"><\/div><\/div><\/div>\n\t\t\t\t\t\t<\/div>\n\t\t\t\t<\/div>\n\t\t\t\t\t<\/div>\n\t\t\t\t<\/div>\n\t\t\t\t<\/div>","protected":false},"excerpt":{"rendered":"<p>Th\u01b0\u01a1ng Hi\u1ec7u<\/p>","protected":false},"author":1,"featured_media":0,"parent":168,"menu_order":0,"comment_status":"closed","ping_status":"closed","template":"elementor_header_footer","meta":{"_eb_attr":"","footnotes":""},"class_list":["post-299","page","type-page","status-publish","hentry"],"acf":[],"yoast_head":"<!-- This site is optimized with the Yoast SEO plugin v24.9 - https:\/\/yoast.com\/wordpress\/plugins\/seo\/ -->\n<title>Bottom - Money Bag<\/title>\n<meta name=\"robots\" content=\"index, follow, max-snippet:-1, max-image-preview:large, max-video-preview:-1\" \/>\n<link rel=\"canonical\" href=\"https:\/\/moneybagstore.com\/vi\/shop\/bottom\/\" \/>\n<meta property=\"og:locale\" content=\"vi_VN\" \/>\n<meta property=\"og:type\" content=\"article\" \/>\n<meta property=\"og:title\" content=\"Bottom - Money Bag\" \/>\n<meta property=\"og:description\" content=\"Our Brand\" \/>\n<meta property=\"og:url\" content=\"https:\/\/moneybagstore.com\/vi\/shop\/bottom\/\" \/>\n<meta property=\"og:site_name\" content=\"Money Bag\" \/>\n<meta property=\"article:publisher\" content=\"https:\/\/www.facebook.com\/profile.php?id=61553099910994\" \/>\n<meta property=\"article:modified_time\" content=\"2025-05-17T05:00:59+00:00\" \/>\n<meta name=\"twitter:card\" content=\"summary_large_image\" \/>\n<meta name=\"twitter:label1\" content=\"\u01af\u1edbc t\u00ednh th\u1eddi gian \u0111\u1ecdc\" \/>\n\t<meta name=\"twitter:data1\" content=\"2 ph\u00fat\" \/>\n<script type=\"application\/ld+json\" class=\"yoast-schema-graph\">{\"@context\":\"https:\/\/schema.org\",\"@graph\":[{\"@type\":\"WebPage\",\"@id\":\"https:\/\/moneybagstore.com\/shop\/bottom\/\",\"url\":\"https:\/\/moneybagstore.com\/shop\/bottom\/\",\"name\":\"Bottom - Money Bag\",\"isPartOf\":{\"@id\":\"https:\/\/moneybagstore.com\/#website\"},\"datePublished\":\"2025-04-23T17:09:48+00:00\",\"dateModified\":\"2025-05-17T05:00:59+00:00\",\"breadcrumb\":{\"@id\":\"https:\/\/moneybagstore.com\/shop\/bottom\/#breadcrumb\"},\"inLanguage\":\"vi\",\"potentialAction\":[{\"@type\":\"ReadAction\",\"target\":[\"https:\/\/moneybagstore.com\/shop\/bottom\/\"]}]},{\"@type\":\"BreadcrumbList\",\"@id\":\"https:\/\/moneybagstore.com\/shop\/bottom\/#breadcrumb\",\"itemListElement\":[{\"@type\":\"ListItem\",\"position\":1,\"name\":\"Home\",\"item\":\"https:\/\/moneybagstore.com\/\"},{\"@type\":\"ListItem\",\"position\":2,\"name\":\"Shop\",\"item\":\"https:\/\/moneybagstore.com\/shop\/\"},{\"@type\":\"ListItem\",\"position\":3,\"name\":\"Bottom\"}]},{\"@type\":\"WebSite\",\"@id\":\"https:\/\/moneybagstore.com\/#website\",\"url\":\"https:\/\/moneybagstore.com\/\",\"name\":\"Money Bag\",\"description\":\"Money Bag - Streetwear Vi\u1ec7t Ch\u00ednh H\u00e3ng | \u00c1o Thun, Ph\u1ee5 Ki\u1ec7n\",\"publisher\":{\"@id\":\"https:\/\/moneybagstore.com\/#organization\"},\"potentialAction\":[{\"@type\":\"SearchAction\",\"target\":{\"@type\":\"EntryPoint\",\"urlTemplate\":\"https:\/\/moneybagstore.com\/?s={search_term_string}\"},\"query-input\":{\"@type\":\"PropertyValueSpecification\",\"valueRequired\":true,\"valueName\":\"search_term_string\"}}],\"inLanguage\":\"vi\"},{\"@type\":\"Organization\",\"@id\":\"https:\/\/moneybagstore.com\/#organization\",\"name\":\"Money Bag\",\"url\":\"https:\/\/moneybagstore.com\/\",\"logo\":{\"@type\":\"ImageObject\",\"inLanguage\":\"vi\",\"@id\":\"https:\/\/moneybagstore.com\/#\/schema\/logo\/image\/\",\"url\":\"https:\/\/moneybagstore.com\/wp-content\/uploads\/2025\/05\/cropped-logo_gold_moneybag_vibe-1.png\",\"contentUrl\":\"https:\/\/moneybagstore.com\/wp-content\/uploads\/2025\/05\/cropped-logo_gold_moneybag_vibe-1.png\",\"width\":512,\"height\":512,\"caption\":\"Money Bag\"},\"image\":{\"@id\":\"https:\/\/moneybagstore.com\/#\/schema\/logo\/image\/\"},\"sameAs\":[\"https:\/\/www.facebook.com\/profile.php?id=61553099910994\"]}]}<\/script>\n<!-- \/ Yoast SEO plugin. -->","yoast_head_json":{"title":"Bottom - Money Bag","robots":{"index":"index","follow":"follow","max-snippet":"max-snippet:-1","max-image-preview":"max-image-preview:large","max-video-preview":"max-video-preview:-1"},"canonical":"https:\/\/moneybagstore.com\/vi\/shop\/bottom\/","og_locale":"vi_VN","og_type":"article","og_title":"Bottom - Money Bag","og_description":"Our Brand","og_url":"https:\/\/moneybagstore.com\/vi\/shop\/bottom\/","og_site_name":"Money Bag","article_publisher":"https:\/\/www.facebook.com\/profile.php?id=61553099910994","article_modified_time":"2025-05-17T05:00:59+00:00","twitter_card":"summary_large_image","twitter_misc":{"\u01af\u1edbc t\u00ednh th\u1eddi gian \u0111\u1ecdc":"2 ph\u00fat"},"schema":{"@context":"https:\/\/schema.org","@graph":[{"@type":"WebPage","@id":"https:\/\/moneybagstore.com\/shop\/bottom\/","url":"https:\/\/moneybagstore.com\/shop\/bottom\/","name":"Bottom - Money Bag","isPartOf":{"@id":"https:\/\/moneybagstore.com\/#website"},"datePublished":"2025-04-23T17:09:48+00:00","dateModified":"2025-05-17T05:00:59+00:00","breadcrumb":{"@id":"https:\/\/moneybagstore.com\/shop\/bottom\/#breadcrumb"},"inLanguage":"vi","potentialAction":[{"@type":"ReadAction","target":["https:\/\/moneybagstore.com\/shop\/bottom\/"]}]},{"@type":"BreadcrumbList","@id":"https:\/\/moneybagstore.com\/shop\/bottom\/#breadcrumb","itemListElement":[{"@type":"ListItem","position":1,"name":"Home","item":"https:\/\/moneybagstore.com\/"},{"@type":"ListItem","position":2,"name":"Shop","item":"https:\/\/moneybagstore.com\/shop\/"},{"@type":"ListItem","position":3,"name":"Bottom"}]},{"@type":"WebSite","@id":"https:\/\/moneybagstore.com\/#website","url":"https:\/\/moneybagstore.com\/","name":"Money Bag","description":"Money Bag - Streetwear Vi\u1ec7t Ch\u00ednh H\u00e3ng | \u00c1o Thun, Ph\u1ee5 Ki\u1ec7n","publisher":{"@id":"https:\/\/moneybagstore.com\/#organization"},"potentialAction":[{"@type":"SearchAction","target":{"@type":"EntryPoint","urlTemplate":"https:\/\/moneybagstore.com\/?s={search_term_string}"},"query-input":{"@type":"PropertyValueSpecification","valueRequired":true,"valueName":"search_term_string"}}],"inLanguage":"vi"},{"@type":"Organization","@id":"https:\/\/moneybagstore.com\/#organization","name":"Money Bag","url":"https:\/\/moneybagstore.com\/","logo":{"@type":"ImageObject","inLanguage":"vi","@id":"https:\/\/moneybagstore.com\/#\/schema\/logo\/image\/","url":"https:\/\/moneybagstore.com\/wp-content\/uploads\/2025\/05\/cropped-logo_gold_moneybag_vibe-1.png","contentUrl":"https:\/\/moneybagstore.com\/wp-content\/uploads\/2025\/05\/cropped-logo_gold_moneybag_vibe-1.png","width":512,"height":512,"caption":"Money Bag"},"image":{"@id":"https:\/\/moneybagstore.com\/#\/schema\/logo\/image\/"},"sameAs":["https:\/\/www.facebook.com\/profile.php?id=61553099910994"]}]}},"_links":{"self":[{"href":"https:\/\/moneybagstore.com\/vi\/wp-json\/wp\/v2\/pages\/299","targetHints":{"allow":["GET"]}}],"collection":[{"href":"https:\/\/moneybagstore.com\/vi\/wp-json\/wp\/v2\/pages"}],"about":[{"href":"https:\/\/moneybagstore.com\/vi\/wp-json\/wp\/v2\/types\/page"}],"author":[{"embeddable":true,"href":"https:\/\/moneybagstore.com\/vi\/wp-json\/wp\/v2\/users\/1"}],"replies":[{"embeddable":true,"href":"https:\/\/moneybagstore.com\/vi\/wp-json\/wp\/v2\/comments?post=299"}],"version-history":[{"count":55,"href":"https:\/\/moneybagstore.com\/vi\/wp-json\/wp\/v2\/pages\/299\/revisions"}],"predecessor-version":[{"id":1162,"href":"https:\/\/moneybagstore.com\/vi\/wp-json\/wp\/v2\/pages\/299\/revisions\/1162"}],"up":[{"embeddable":true,"href":"https:\/\/moneybagstore.com\/vi\/wp-json\/wp\/v2\/pages\/168"}],"wp:attachment":[{"href":"https:\/\/moneybagstore.com\/vi\/wp-json\/wp\/v2\/media?parent=299"}],"curies":[{"name":"wp","href":"https:\/\/api.w.org\/{rel}","templated":true}]}}