{"id":1276,"date":"2025-05-25T13:43:58","date_gmt":"2025-05-25T06:43:58","guid":{"rendered":"http:\/\/localhost\/moneybag\/cart\/"},"modified":"2025-09-02T23:37:51","modified_gmt":"2025-09-02T16:37:51","slug":"cart","status":"publish","type":"page","link":"https:\/\/moneybagstore.com\/vi\/cart\/","title":{"rendered":"Cart"},"content":{"rendered":"<div data-elementor-type=\"wp-page\" data-elementor-id=\"1276\" class=\"elementor elementor-1276\" data-elementor-post-type=\"page\">\n\t\t\t\t<div class=\"elementor-element elementor-element-1aa7066 e-flex e-con-boxed e-con e-parent\" data-id=\"1aa7066\" data-element_type=\"container\" data-settings=\"{&quot;background_background&quot;:&quot;classic&quot;}\">\n\t\t\t\t\t<div class=\"e-con-inner\">\n\t\t\t\t<div class=\"elementor-element elementor-element-3465115 elementor-widget elementor-widget-eael-woo-cart\" data-id=\"3465115\" data-element_type=\"widget\" data-settings=\"{&quot;eael_woo_cart_table_components_remove_icon&quot;:{&quot;value&quot;:&quot;fas fa-times&quot;,&quot;library&quot;:&quot;fa-solid&quot;},&quot;eael_woo_cart_components_continue_shopping_icon&quot;:{&quot;value&quot;:&quot;fas fa-chevron-left&quot;,&quot;library&quot;:&quot;fa-solid&quot;}}\" data-widget_type=\"eael-woo-cart.default\">\n\t\t\t\t<div class=\"elementor-widget-container\">\n\t\t\t\t\t\t\t\t\t<div class=\"eael-woo-cart-wrapper eael-woo-cart-empty eael-woo-style-2 eael-auto-update33\">\n\t\t\t\t<div class=\"woocommerce-notices-wrapper\"><\/div><div class=\"wc-empty-cart-message\">\n\t<div class=\"cart-empty woocommerce-info\" role=\"status\">\n\t\tYour cart is currently empty.\t<\/div>\n<\/div>                <\/div>\n\t\t\t\t        <script>document.body.classList.add(\"eael-woo-cart\");<\/script>\n\t\t\t\t\t\t<\/div>\n\t\t\t\t<\/div>\n\t\t\t\t<div class=\"elementor-element elementor-element-2e268a9 cart-order elementor-widget elementor-widget-shortcode\" data-id=\"2e268a9\" data-element_type=\"widget\" data-widget_type=\"shortcode.default\">\n\t\t\t\t<div class=\"elementor-widget-container\">\n\t\t\t\t\t\t\t<div class=\"elementor-shortcode\">    <section class=\"duydev-empty-cart\">\n        <div class=\"duydev-empty-inner\">\n            <img decoding=\"async\" src=\"https:\/\/cdn-icons-png.flaticon.com\/512\/2038\/2038854.png\" alt=\"Empty Cart\" class=\"duydev-empty-icon\">\n            <h2 class=\"duydev-title\">Your Cart is Empty<\/h2>\n            <p class=\"duydev-sub\">Looks like you haven\u2019t picked out your drip yet. Let\u2019s fix that \ud83d\udc40<\/p>\n            <a href=\"https:\/\/moneybagstore.com\/vi\/\" class=\"duydev-btn\">\ud83d\udecd Start Shopping<\/a>\n        <\/div>\n    <\/section>\n\n    <style>\n    .duydev-empty-cart {\n        display: flex;\n        align-items: center;\n        justify-content: center;\n        padding: 100px 20px;\n        background: linear-gradient(to right, #f8fafc, #f1f5f9);\n    }\n\n    .duydev-empty-inner {\n        text-align: center;\n        background: white;\n        border-radius: 24px;\n        padding: 60px 40px;\n        max-width: 600px;\n        box-shadow: 0 30px 60px rgba(0,0,0,0.07);\n        animation: fadeInUp 0.6s ease-out;\n    }\n\n    .duydev-empty-icon {\n        width: 100px;\n        margin-bottom: 30px;\n        opacity: 0.95;\n        transition: transform 0.3s ease;\n    }\n\n    .duydev-empty-inner:hover .duydev-empty-icon {\n        transform: scale(1.05);\n    }\n\n    .duydev-title {\n        font-size: 2rem;\n        font-weight: 800;\n        color: #111827;\n        margin-bottom: 12px;\n    }\n\n    .duydev-sub {\n        color: #6b7280;\n        font-size: 1.05rem;\n        margin-bottom: 30px;\n    }\n\n    .duydev-btn {\n        display: inline-block;\n        padding: 14px 32px;\n        background: linear-gradient(135deg, #facc15, #f59e0b);\n        color: #111 !important;\n        font-weight: 700;\n        border-radius: 999px;\n        text-decoration: none;\n        box-shadow: 0 8px 20px rgba(251, 191, 36, 0.3);\n        transition: all 0.3s ease;\n    }\n\n    .duydev-btn:hover {\n        background: linear-gradient(135deg, #fcd34d, #fbbf24);\n        transform: translateY(-2px);\n        box-shadow: 0 12px 28px rgba(251, 191, 36, 0.4);\n    }\n\n    @keyframes fadeInUp {\n        from {\n            opacity: 0;\n            transform: translateY(30px);\n        }\n        to {\n            opacity: 1;\n            transform: translateY(0);\n        }\n    }\n    <\/style>\n  <\/div>\n\t\t\t\t\t\t<\/div>\n\t\t\t\t<\/div>\n\t\t\t\t\t<\/div>\n\t\t\t\t<\/div>\n\t\t\t\t<\/div>","protected":false},"excerpt":{"rendered":"<p>Your cart is currently empty.<\/p>","protected":false},"author":1,"featured_media":0,"parent":0,"menu_order":0,"comment_status":"closed","ping_status":"closed","template":"essential-blocks-fullwidth-template.php","meta":{"_eb_attr":"","footnotes":""},"class_list":["post-1276","page","type-page","status-publish","hentry"],"acf":[],"yoast_head":"<!-- This site is optimized with the Yoast SEO plugin v24.9 - https:\/\/yoast.com\/wordpress\/plugins\/seo\/ -->\n<title>Cart - Money Bag<\/title>\n<meta name=\"robots\" content=\"index, follow, max-snippet:-1, max-image-preview:large, max-video-preview:-1\" \/>\n<link rel=\"canonical\" href=\"https:\/\/moneybagstore.com\/vi\/cart\/\" \/>\n<meta property=\"og:locale\" content=\"vi_VN\" \/>\n<meta property=\"og:type\" content=\"article\" \/>\n<meta property=\"og:title\" content=\"Cart - Money Bag\" \/>\n<meta property=\"og:description\" content=\"Your cart is currently empty.\" \/>\n<meta property=\"og:url\" content=\"https:\/\/moneybagstore.com\/vi\/cart\/\" \/>\n<meta property=\"og:site_name\" content=\"Money Bag\" \/>\n<meta property=\"article:publisher\" content=\"https:\/\/www.facebook.com\/profile.php?id=61553099910994\" \/>\n<meta property=\"article:modified_time\" content=\"2025-09-02T16:37:51+00:00\" \/>\n<meta name=\"twitter:card\" content=\"summary_large_image\" \/>\n<meta name=\"twitter:label1\" content=\"\u01af\u1edbc t\u00ednh th\u1eddi gian \u0111\u1ecdc\" \/>\n\t<meta name=\"twitter:data1\" content=\"1 ph\u00fat\" \/>\n<script type=\"application\/ld+json\" class=\"yoast-schema-graph\">{\"@context\":\"https:\/\/schema.org\",\"@graph\":[{\"@type\":\"WebPage\",\"@id\":\"https:\/\/moneybagstore.com\/cart\/\",\"url\":\"https:\/\/moneybagstore.com\/cart\/\",\"name\":\"Cart - Money Bag\",\"isPartOf\":{\"@id\":\"https:\/\/moneybagstore.com\/#website\"},\"datePublished\":\"2025-05-25T06:43:58+00:00\",\"dateModified\":\"2025-09-02T16:37:51+00:00\",\"breadcrumb\":{\"@id\":\"https:\/\/moneybagstore.com\/cart\/#breadcrumb\"},\"inLanguage\":\"vi\",\"potentialAction\":[{\"@type\":\"ReadAction\",\"target\":[\"https:\/\/moneybagstore.com\/cart\/\"]}]},{\"@type\":\"BreadcrumbList\",\"@id\":\"https:\/\/moneybagstore.com\/cart\/#breadcrumb\",\"itemListElement\":[{\"@type\":\"ListItem\",\"position\":1,\"name\":\"Home\",\"item\":\"https:\/\/moneybagstore.com\/\"},{\"@type\":\"ListItem\",\"position\":2,\"name\":\"Cart\"}]},{\"@type\":\"WebSite\",\"@id\":\"https:\/\/moneybagstore.com\/#website\",\"url\":\"https:\/\/moneybagstore.com\/\",\"name\":\"Money Bag\",\"description\":\"Money Bag - Streetwear Vi\u1ec7t Ch\u00ednh H\u00e3ng | \u00c1o Thun, Ph\u1ee5 Ki\u1ec7n\",\"publisher\":{\"@id\":\"https:\/\/moneybagstore.com\/#organization\"},\"potentialAction\":[{\"@type\":\"SearchAction\",\"target\":{\"@type\":\"EntryPoint\",\"urlTemplate\":\"https:\/\/moneybagstore.com\/?s={search_term_string}\"},\"query-input\":{\"@type\":\"PropertyValueSpecification\",\"valueRequired\":true,\"valueName\":\"search_term_string\"}}],\"inLanguage\":\"vi\"},{\"@type\":\"Organization\",\"@id\":\"https:\/\/moneybagstore.com\/#organization\",\"name\":\"Money Bag\",\"url\":\"https:\/\/moneybagstore.com\/\",\"logo\":{\"@type\":\"ImageObject\",\"inLanguage\":\"vi\",\"@id\":\"https:\/\/moneybagstore.com\/#\/schema\/logo\/image\/\",\"url\":\"https:\/\/moneybagstore.com\/wp-content\/uploads\/2025\/05\/cropped-logo_gold_moneybag_vibe-1.png\",\"contentUrl\":\"https:\/\/moneybagstore.com\/wp-content\/uploads\/2025\/05\/cropped-logo_gold_moneybag_vibe-1.png\",\"width\":512,\"height\":512,\"caption\":\"Money Bag\"},\"image\":{\"@id\":\"https:\/\/moneybagstore.com\/#\/schema\/logo\/image\/\"},\"sameAs\":[\"https:\/\/www.facebook.com\/profile.php?id=61553099910994\"]}]}<\/script>\n<!-- \/ Yoast SEO plugin. -->","yoast_head_json":{"title":"Cart - Money Bag","robots":{"index":"index","follow":"follow","max-snippet":"max-snippet:-1","max-image-preview":"max-image-preview:large","max-video-preview":"max-video-preview:-1"},"canonical":"https:\/\/moneybagstore.com\/vi\/cart\/","og_locale":"vi_VN","og_type":"article","og_title":"Cart - Money Bag","og_description":"Your cart is currently empty.","og_url":"https:\/\/moneybagstore.com\/vi\/cart\/","og_site_name":"Money Bag","article_publisher":"https:\/\/www.facebook.com\/profile.php?id=61553099910994","article_modified_time":"2025-09-02T16:37:51+00:00","twitter_card":"summary_large_image","twitter_misc":{"\u01af\u1edbc t\u00ednh th\u1eddi gian \u0111\u1ecdc":"1 ph\u00fat"},"schema":{"@context":"https:\/\/schema.org","@graph":[{"@type":"WebPage","@id":"https:\/\/moneybagstore.com\/cart\/","url":"https:\/\/moneybagstore.com\/cart\/","name":"Cart - Money Bag","isPartOf":{"@id":"https:\/\/moneybagstore.com\/#website"},"datePublished":"2025-05-25T06:43:58+00:00","dateModified":"2025-09-02T16:37:51+00:00","breadcrumb":{"@id":"https:\/\/moneybagstore.com\/cart\/#breadcrumb"},"inLanguage":"vi","potentialAction":[{"@type":"ReadAction","target":["https:\/\/moneybagstore.com\/cart\/"]}]},{"@type":"BreadcrumbList","@id":"https:\/\/moneybagstore.com\/cart\/#breadcrumb","itemListElement":[{"@type":"ListItem","position":1,"name":"Home","item":"https:\/\/moneybagstore.com\/"},{"@type":"ListItem","position":2,"name":"Cart"}]},{"@type":"WebSite","@id":"https:\/\/moneybagstore.com\/#website","url":"https:\/\/moneybagstore.com\/","name":"Money Bag","description":"Money Bag - Streetwear Vi\u1ec7t Ch\u00ednh H\u00e3ng | \u00c1o Thun, Ph\u1ee5 Ki\u1ec7n","publisher":{"@id":"https:\/\/moneybagstore.com\/#organization"},"potentialAction":[{"@type":"SearchAction","target":{"@type":"EntryPoint","urlTemplate":"https:\/\/moneybagstore.com\/?s={search_term_string}"},"query-input":{"@type":"PropertyValueSpecification","valueRequired":true,"valueName":"search_term_string"}}],"inLanguage":"vi"},{"@type":"Organization","@id":"https:\/\/moneybagstore.com\/#organization","name":"Money Bag","url":"https:\/\/moneybagstore.com\/","logo":{"@type":"ImageObject","inLanguage":"vi","@id":"https:\/\/moneybagstore.com\/#\/schema\/logo\/image\/","url":"https:\/\/moneybagstore.com\/wp-content\/uploads\/2025\/05\/cropped-logo_gold_moneybag_vibe-1.png","contentUrl":"https:\/\/moneybagstore.com\/wp-content\/uploads\/2025\/05\/cropped-logo_gold_moneybag_vibe-1.png","width":512,"height":512,"caption":"Money Bag"},"image":{"@id":"https:\/\/moneybagstore.com\/#\/schema\/logo\/image\/"},"sameAs":["https:\/\/www.facebook.com\/profile.php?id=61553099910994"]}]}},"_links":{"self":[{"href":"https:\/\/moneybagstore.com\/vi\/wp-json\/wp\/v2\/pages\/1276","targetHints":{"allow":["GET"]}}],"collection":[{"href":"https:\/\/moneybagstore.com\/vi\/wp-json\/wp\/v2\/pages"}],"about":[{"href":"https:\/\/moneybagstore.com\/vi\/wp-json\/wp\/v2\/types\/page"}],"author":[{"embeddable":true,"href":"https:\/\/moneybagstore.com\/vi\/wp-json\/wp\/v2\/users\/1"}],"replies":[{"embeddable":true,"href":"https:\/\/moneybagstore.com\/vi\/wp-json\/wp\/v2\/comments?post=1276"}],"version-history":[{"count":79,"href":"https:\/\/moneybagstore.com\/vi\/wp-json\/wp\/v2\/pages\/1276\/revisions"}],"predecessor-version":[{"id":1785,"href":"https:\/\/moneybagstore.com\/vi\/wp-json\/wp\/v2\/pages\/1276\/revisions\/1785"}],"wp:attachment":[{"href":"https:\/\/moneybagstore.com\/vi\/wp-json\/wp\/v2\/media?parent=1276"}],"curies":[{"name":"wp","href":"https:\/\/api.w.org\/{rel}","templated":true}]}}